{"id":16,"date":"2019-01-31T21:41:46","date_gmt":"2019-01-31T21:41:46","guid":{"rendered":"https:\/\/lj.reuters-it.com\/wordpress\/?page_id=16"},"modified":"2019-02-06T02:28:54","modified_gmt":"2019-02-06T02:28:54","slug":"impressum","status":"publish","type":"page","link":"https:\/\/landmetzgerei-jansen.de\/?page_id=16","title":{"rendered":"Impressum"},"content":{"rendered":"<div id=\"impressum\">\n<h1>Impressum<\/h1>\n<p>Verantwortungsbereich: Dieses Impressum gilt f\u00fcr die hier erreichbare Internetpr\u00e4senz unter der Adresse: www.landmetzgerei-jansen.de<\/p>\n<p>Verantwortlich gem\u00e4\u00df Anbieterkennzeichnung nach \u00a7 10 MDStV:<\/p>\n<p><b>Landmetzgerei Jansen<\/b><\/p>\n<p class=\"indent\">Gesch\u00e4ftsf\u00fchrer: Udo Jansen<\/p>\n<p>Sitz des Unternehmens:<\/p>\n<p class=\"indent\">Ederen, Brunnenstra\u00dfe 14<br \/>\n5 24 41 Linnich<\/p>\n<p class=\"indent\">Handelsregister Amtsgericht D\u00fcren A2329<br \/>\nUmsatzsteueridentit\u00e4tsnummer DE206268078<\/p>\n<p>Gem\u00e4\u00df \u00a7 28 BDSG untersagen wir jegliche kommerzielle An- \/ Verwendung oder Weitergabe unserer Daten und Inhalte.<\/p>\n<h3>Bildnachweis<\/h3>\n<p>Nachfolgend erhalten Sie Angaben zu den Urhebern der auf http:\/\/www.landmetzgerei-jansen.de verwendeten Bilder:<\/p>\n<p>Richard Reuters \/ IT Consulting Reuters<\/p>\n<p>Alex White \/ Fotolia.com, Brad Pict \/ Fotolia.com, Juli\u00e1n Rovagnati \/ Fotolia.com, podm \/ Fotolia.com, Smileus \/ Fotolia.com, Svenni \/ Fotolia.com<\/p>\n<\/div>\n","protected":false},"excerpt":{"rendered":"<p>Impressum Verantwortungsbereich: Dieses Impressum gilt f\u00fcr die hier erreichbare Internetpr\u00e4senz unter der Adresse: www.landmetzgerei-jansen.de Verantwortlich gem\u00e4\u00df Anbieterkennzeichnung nach \u00a7 10[&#8230;]<\/p>\n","protected":false},"author":1,"featured_media":0,"parent":0,"menu_order":0,"comment_status":"closed","ping_status":"closed","template":"","meta":{"footnotes":""},"class_list":["post-16","page","type-page","status-publish","hentry"],"_links":{"self":[{"href":"https:\/\/landmetzgerei-jansen.de\/index.php?rest_route=\/wp\/v2\/pages\/16","targetHints":{"allow":["GET"]}}],"collection":[{"href":"https:\/\/landmetzgerei-jansen.de\/index.php?rest_route=\/wp\/v2\/pages"}],"about":[{"href":"https:\/\/landmetzgerei-jansen.de\/index.php?rest_route=\/wp\/v2\/types\/page"}],"author":[{"embeddable":true,"href":"https:\/\/landmetzgerei-jansen.de\/index.php?rest_route=\/wp\/v2\/users\/1"}],"replies":[{"embeddable":true,"href":"https:\/\/landmetzgerei-jansen.de\/index.php?rest_route=%2Fwp%2Fv2%2Fcomments&post=16"}],"version-history":[{"count":11,"href":"https:\/\/landmetzgerei-jansen.de\/index.php?rest_route=\/wp\/v2\/pages\/16\/revisions"}],"predecessor-version":[{"id":170,"href":"https:\/\/landmetzgerei-jansen.de\/index.php?rest_route=\/wp\/v2\/pages\/16\/revisions\/170"}],"wp:attachment":[{"href":"https:\/\/landmetzgerei-jansen.de\/index.php?rest_route=%2Fwp%2Fv2%2Fmedia&parent=16"}],"curies":[{"name":"wp","href":"https:\/\/api.w.org\/{rel}","templated":true}]}}